{"id":1131,"date":"2021-10-31T03:49:28","date_gmt":"2021-10-31T03:49:28","guid":{"rendered":"http:\/\/localhost\/multilen-transport\/?page_id=1131"},"modified":"2025-03-07T09:14:03","modified_gmt":"2025-03-07T08:14:03","slug":"about-us","status":"publish","type":"page","link":"https:\/\/www.kies-koester.de\/?page_id=1131","title":{"rendered":"about us"},"content":{"rendered":"\t\t<div data-elementor-type=\"wp-page\" data-elementor-id=\"1131\" class=\"elementor elementor-1131\">\n\t\t\t\t\t\t\t\t\t<section class=\"elementor-section elementor-top-section elementor-element elementor-element-b63c14c elementor-section-boxed elementor-section-height-default elementor-section-height-default\" data-id=\"b63c14c\" data-element_type=\"section\">\n\t\t\t\t\t\t<div class=\"elementor-container elementor-column-gap-default\">\n\t\t\t\t\t<div class=\"elementor-column elementor-col-100 elementor-top-column elementor-element elementor-element-257fce7\" data-id=\"257fce7\" data-element_type=\"column\">\n\t\t\t<div class=\"elementor-widget-wrap elementor-element-populated\">\n\t\t\t\t\t\t\t\t<div class=\"elementor-element elementor-element-1328a70 elementor-widget elementor-widget-spacer\" data-id=\"1328a70\" data-element_type=\"widget\" data-widget_type=\"spacer.default\">\n\t\t\t\t<div class=\"elementor-widget-container\">\n\t\t\t<style>\/*! elementor - v3.13.3 - 28-05-2023 *\/\n.elementor-column .elementor-spacer-inner{height:var(--spacer-size)}.e-con{--container-widget-width:100%}.e-con-inner>.elementor-widget-spacer,.e-con>.elementor-widget-spacer{width:var(--container-widget-width,var(--spacer-size));--align-self:var(--container-widget-align-self,initial);--flex-shrink:0}.e-con-inner>.elementor-widget-spacer>.elementor-widget-container,.e-con-inner>.elementor-widget-spacer>.elementor-widget-container>.elementor-spacer,.e-con>.elementor-widget-spacer>.elementor-widget-container,.e-con>.elementor-widget-spacer>.elementor-widget-container>.elementor-spacer{height:100%}.e-con-inner>.elementor-widget-spacer>.elementor-widget-container>.elementor-spacer>.elementor-spacer-inner,.e-con>.elementor-widget-spacer>.elementor-widget-container>.elementor-spacer>.elementor-spacer-inner{height:var(--container-widget-height,var(--spacer-size))}<\/style>\t\t<div class=\"elementor-spacer\">\n\t\t\t<div class=\"elementor-spacer-inner\"><\/div>\n\t\t<\/div>\n\t\t\t\t<\/div>\n\t\t\t\t<\/div>\n\t\t\t\t<div class=\"elementor-element elementor-element-dfc5cf8 elementor-widget elementor-widget-heading\" data-id=\"dfc5cf8\" data-element_type=\"widget\" data-widget_type=\"heading.default\">\n\t\t\t\t<div class=\"elementor-widget-container\">\n\t\t\t<style>\/*! elementor - v3.13.3 - 28-05-2023 *\/\n.elementor-heading-title{padding:0;margin:0;line-height:1}.elementor-widget-heading .elementor-heading-title[class*=elementor-size-]>a{color:inherit;font-size:inherit;line-height:inherit}.elementor-widget-heading .elementor-heading-title.elementor-size-small{font-size:15px}.elementor-widget-heading .elementor-heading-title.elementor-size-medium{font-size:19px}.elementor-widget-heading .elementor-heading-title.elementor-size-large{font-size:29px}.elementor-widget-heading .elementor-heading-title.elementor-size-xl{font-size:39px}.elementor-widget-heading .elementor-heading-title.elementor-size-xxl{font-size:59px}<\/style><h1 class=\"elementor-heading-title elementor-size-large\">UNSERE KOMPETENZ - IHRE ZUFRIEDENHEIT!<\/h1>\t\t<\/div>\n\t\t\t\t<\/div>\n\t\t\t\t<div class=\"elementor-element elementor-element-cca0369 elementor-widget elementor-widget-image\" data-id=\"cca0369\" data-element_type=\"widget\" data-widget_type=\"image.default\">\n\t\t\t\t<div class=\"elementor-widget-container\">\n\t\t\t<style>\/*! elementor - v3.13.3 - 28-05-2023 *\/\n.elementor-widget-image{text-align:center}.elementor-widget-image a{display:inline-block}.elementor-widget-image a img[src$=\".svg\"]{width:48px}.elementor-widget-image img{vertical-align:middle;display:inline-block}<\/style>\t\t\t\t\t\t\t\t\t\t\t\t<img loading=\"lazy\" decoding=\"async\" width=\"3240\" height=\"1191\" src=\"https:\/\/www.kies-koester.de\/wp-content\/uploads\/2023\/06\/titlestart2.png\" class=\"attachment-full size-full wp-image-2665\" alt=\"\" srcset=\"https:\/\/www.kies-koester.de\/wp-content\/uploads\/2023\/06\/titlestart2.png 3240w, https:\/\/www.kies-koester.de\/wp-content\/uploads\/2023\/06\/titlestart2-300x110.png 300w, https:\/\/www.kies-koester.de\/wp-content\/uploads\/2023\/06\/titlestart2-1024x376.png 1024w, https:\/\/www.kies-koester.de\/wp-content\/uploads\/2023\/06\/titlestart2-768x282.png 768w, https:\/\/www.kies-koester.de\/wp-content\/uploads\/2023\/06\/titlestart2-1536x565.png 1536w, https:\/\/www.kies-koester.de\/wp-content\/uploads\/2023\/06\/titlestart2-2048x753.png 2048w\" sizes=\"auto, (max-width: 3240px) 100vw, 3240px\" \/>\t\t\t\t\t\t\t\t\t\t\t\t\t\t\t<\/div>\n\t\t\t\t<\/div>\n\t\t\t\t<div class=\"elementor-element elementor-element-8522070 elementor-widget elementor-widget-text-editor\" data-id=\"8522070\" data-element_type=\"widget\" data-widget_type=\"text-editor.default\">\n\t\t\t\t<div class=\"elementor-widget-container\">\n\t\t\t<style>\/*! elementor - v3.13.3 - 28-05-2023 *\/\n.elementor-widget-text-editor.elementor-drop-cap-view-stacked .elementor-drop-cap{background-color:#69727d;color:#fff}.elementor-widget-text-editor.elementor-drop-cap-view-framed .elementor-drop-cap{color:#69727d;border:3px solid;background-color:transparent}.elementor-widget-text-editor:not(.elementor-drop-cap-view-default) .elementor-drop-cap{margin-top:8px}.elementor-widget-text-editor:not(.elementor-drop-cap-view-default) .elementor-drop-cap-letter{width:1em;height:1em}.elementor-widget-text-editor .elementor-drop-cap{float:left;text-align:center;line-height:1;font-size:50px}.elementor-widget-text-editor .elementor-drop-cap-letter{display:inline-block}<\/style>\t\t\t\t<p>Unser eingespieltes Team besteht aus versierten Fahrern, welche regelm\u00e4\u00dfig Fahrsicherheitstrainings absolvieren und \u00fcber alle notwendigen Qualifikationen zur sicheren Sch\u00fcttgutbef\u00f6rderung verf\u00fcgen.<\/p><p>Zzt. sind elf moderne Fahrzeuge von MAN und Mercedes-Benz im Einsatz: darunter Dreiachser, H\u00e4ngerz\u00fcge, Vierachser, Sattelz\u00fcge sowie Kippmulden. Ein Piaggio Ape mit Mulde erm\u00f6glicht auch Lieferungen bei schmaleren Zufahrten.<\/p>\t\t\t\t\t\t<\/div>\n\t\t\t\t<\/div>\n\t\t\t\t<div class=\"elementor-element elementor-element-f559fb3 elementor-widget elementor-widget-spacer\" data-id=\"f559fb3\" data-element_type=\"widget\" data-widget_type=\"spacer.default\">\n\t\t\t\t<div class=\"elementor-widget-container\">\n\t\t\t\t\t<div class=\"elementor-spacer\">\n\t\t\t<div class=\"elementor-spacer-inner\"><\/div>\n\t\t<\/div>\n\t\t\t\t<\/div>\n\t\t\t\t<\/div>\n\t\t\t\t\t<\/div>\n\t\t<\/div>\n\t\t\t\t\t\t\t<\/div>\n\t\t<\/section>\n\t\t\t\t\t\t\t<\/div>\n\t\t","protected":false},"excerpt":{"rendered":"<p>UNSERE KOMPETENZ &#8211; IHRE ZUFRIEDENHEIT! Unser eingespieltes Team besteht aus versierten Fahrern, welche regelm\u00e4\u00dfig Fahrsicherheitstrainings absolvieren und \u00fcber alle notwendigen Qualifikationen zur sicheren Sch\u00fcttgutbef\u00f6rderung verf\u00fcgen. Zzt. sind elf moderne Fahrzeuge von MAN und Mercedes-Benz im Einsatz: darunter Dreiachser, H\u00e4ngerz\u00fcge, Vierachser, Sattelz\u00fcge sowie Kippmulden. Ein Piaggio Ape mit Mulde erm\u00f6glicht auch Lieferungen bei schmaleren Zufahrten.<\/p>\n","protected":false},"author":1,"featured_media":0,"parent":0,"menu_order":0,"comment_status":"closed","ping_status":"closed","template":"elementor_header_footer","meta":{"footnotes":""},"class_list":["post-1131","page","type-page","status-publish","hentry"],"_links":{"self":[{"href":"https:\/\/www.kies-koester.de\/index.php?rest_route=\/wp\/v2\/pages\/1131","targetHints":{"allow":["GET"]}}],"collection":[{"href":"https:\/\/www.kies-koester.de\/index.php?rest_route=\/wp\/v2\/pages"}],"about":[{"href":"https:\/\/www.kies-koester.de\/index.php?rest_route=\/wp\/v2\/types\/page"}],"author":[{"embeddable":true,"href":"https:\/\/www.kies-koester.de\/index.php?rest_route=\/wp\/v2\/users\/1"}],"replies":[{"embeddable":true,"href":"https:\/\/www.kies-koester.de\/index.php?rest_route=%2Fwp%2Fv2%2Fcomments&post=1131"}],"version-history":[{"count":30,"href":"https:\/\/www.kies-koester.de\/index.php?rest_route=\/wp\/v2\/pages\/1131\/revisions"}],"predecessor-version":[{"id":2785,"href":"https:\/\/www.kies-koester.de\/index.php?rest_route=\/wp\/v2\/pages\/1131\/revisions\/2785"}],"wp:attachment":[{"href":"https:\/\/www.kies-koester.de\/index.php?rest_route=%2Fwp%2Fv2%2Fmedia&parent=1131"}],"curies":[{"name":"wp","href":"https:\/\/api.w.org\/{rel}","templated":true}]}}