{"id":2015,"date":"2021-10-09T16:24:29","date_gmt":"2021-10-09T14:24:29","guid":{"rendered":"http:\/\/localhost\/multilen-transport\/?page_id=9"},"modified":"2025-03-07T09:37:53","modified_gmt":"2025-03-07T08:37:53","slug":"home","status":"publish","type":"page","link":"https:\/\/www.kies-koester.de\/","title":{"rendered":"home"},"content":{"rendered":"\t\t<div data-elementor-type=\"wp-page\" data-elementor-id=\"2015\" class=\"elementor elementor-2015\">\n\t\t\t\t\t\t\t\t\t<section class=\"elementor-section elementor-top-section elementor-element elementor-element-0bc6bbe elementor-section-full_width elementor-section-height-default elementor-section-height-default\" data-id=\"0bc6bbe\" data-element_type=\"section\" data-settings=\"{&quot;background_background&quot;:&quot;classic&quot;}\">\n\t\t\t\t\t\t\t<div class=\"elementor-background-overlay\"><\/div>\n\t\t\t\t\t\t\t<div class=\"elementor-container elementor-column-gap-default\">\n\t\t\t\t\t<div class=\"elementor-column elementor-col-100 elementor-top-column elementor-element elementor-element-bba2f85\" data-id=\"bba2f85\" data-element_type=\"column\">\n\t\t\t<div class=\"elementor-widget-wrap elementor-element-populated\">\n\t\t\t\t\t\t\t\t<div class=\"elementor-element elementor-element-574ea21 elementor-widget elementor-widget-image\" data-id=\"574ea21\" data-element_type=\"widget\" data-widget_type=\"image.default\">\n\t\t\t\t<div class=\"elementor-widget-container\">\n\t\t\t<style>\/*! elementor - v3.13.3 - 28-05-2023 *\/\n.elementor-widget-image{text-align:center}.elementor-widget-image a{display:inline-block}.elementor-widget-image a img[src$=\".svg\"]{width:48px}.elementor-widget-image img{vertical-align:middle;display:inline-block}<\/style>\t\t\t\t\t\t\t\t\t\t\t\t<img loading=\"lazy\" decoding=\"async\" width=\"3240\" height=\"1191\" src=\"https:\/\/www.kies-koester.de\/wp-content\/uploads\/2023\/06\/titlestart2.png\" class=\"attachment-full size-full wp-image-2665\" alt=\"\" srcset=\"https:\/\/www.kies-koester.de\/wp-content\/uploads\/2023\/06\/titlestart2.png 3240w, https:\/\/www.kies-koester.de\/wp-content\/uploads\/2023\/06\/titlestart2-300x110.png 300w, https:\/\/www.kies-koester.de\/wp-content\/uploads\/2023\/06\/titlestart2-1024x376.png 1024w, https:\/\/www.kies-koester.de\/wp-content\/uploads\/2023\/06\/titlestart2-768x282.png 768w, https:\/\/www.kies-koester.de\/wp-content\/uploads\/2023\/06\/titlestart2-1536x565.png 1536w, https:\/\/www.kies-koester.de\/wp-content\/uploads\/2023\/06\/titlestart2-2048x753.png 2048w\" sizes=\"auto, (max-width: 3240px) 100vw, 3240px\" \/>\t\t\t\t\t\t\t\t\t\t\t\t\t\t\t<\/div>\n\t\t\t\t<\/div>\n\t\t\t\t\t<\/div>\n\t\t<\/div>\n\t\t\t\t\t\t\t<\/div>\n\t\t<\/section>\n\t\t\t\t<section class=\"elementor-section elementor-top-section elementor-element elementor-element-6dff165 elementor-section-boxed elementor-section-height-default elementor-section-height-default\" data-id=\"6dff165\" data-element_type=\"section\">\n\t\t\t\t\t\t<div class=\"elementor-container elementor-column-gap-default\">\n\t\t\t\t\t<div class=\"elementor-column elementor-col-100 elementor-top-column elementor-element elementor-element-67c5bb9\" data-id=\"67c5bb9\" data-element_type=\"column\">\n\t\t\t<div class=\"elementor-widget-wrap elementor-element-populated\">\n\t\t\t\t\t\t\t\t<div class=\"elementor-element elementor-element-89182ea elementor-widget elementor-widget-spacer\" data-id=\"89182ea\" data-element_type=\"widget\" data-widget_type=\"spacer.default\">\n\t\t\t\t<div class=\"elementor-widget-container\">\n\t\t\t<style>\/*! elementor - v3.13.3 - 28-05-2023 *\/\n.elementor-column .elementor-spacer-inner{height:var(--spacer-size)}.e-con{--container-widget-width:100%}.e-con-inner>.elementor-widget-spacer,.e-con>.elementor-widget-spacer{width:var(--container-widget-width,var(--spacer-size));--align-self:var(--container-widget-align-self,initial);--flex-shrink:0}.e-con-inner>.elementor-widget-spacer>.elementor-widget-container,.e-con-inner>.elementor-widget-spacer>.elementor-widget-container>.elementor-spacer,.e-con>.elementor-widget-spacer>.elementor-widget-container,.e-con>.elementor-widget-spacer>.elementor-widget-container>.elementor-spacer{height:100%}.e-con-inner>.elementor-widget-spacer>.elementor-widget-container>.elementor-spacer>.elementor-spacer-inner,.e-con>.elementor-widget-spacer>.elementor-widget-container>.elementor-spacer>.elementor-spacer-inner{height:var(--container-widget-height,var(--spacer-size))}<\/style>\t\t<div class=\"elementor-spacer\">\n\t\t\t<div class=\"elementor-spacer-inner\"><\/div>\n\t\t<\/div>\n\t\t\t\t<\/div>\n\t\t\t\t<\/div>\n\t\t\t\t<section class=\"elementor-section elementor-inner-section elementor-element elementor-element-b540ff7 elementor-section-full_width elementor-section-height-default elementor-section-height-default\" data-id=\"b540ff7\" data-element_type=\"section\">\n\t\t\t\t\t\t<div class=\"elementor-container elementor-column-gap-custom\">\n\t\t\t\t\t<div class=\"elementor-column elementor-col-50 elementor-inner-column elementor-element elementor-element-f213e83\" data-id=\"f213e83\" data-element_type=\"column\">\n\t\t\t<div class=\"elementor-widget-wrap elementor-element-populated\">\n\t\t\t\t\t\t\t\t<div class=\"elementor-element elementor-element-e2395d6 elementor-widget elementor-widget-heading\" data-id=\"e2395d6\" data-element_type=\"widget\" data-widget_type=\"heading.default\">\n\t\t\t\t<div class=\"elementor-widget-container\">\n\t\t\t<style>\/*! elementor - v3.13.3 - 28-05-2023 *\/\n.elementor-heading-title{padding:0;margin:0;line-height:1}.elementor-widget-heading .elementor-heading-title[class*=elementor-size-]>a{color:inherit;font-size:inherit;line-height:inherit}.elementor-widget-heading .elementor-heading-title.elementor-size-small{font-size:15px}.elementor-widget-heading .elementor-heading-title.elementor-size-medium{font-size:19px}.elementor-widget-heading .elementor-heading-title.elementor-size-large{font-size:29px}.elementor-widget-heading .elementor-heading-title.elementor-size-xl{font-size:39px}.elementor-widget-heading .elementor-heading-title.elementor-size-xxl{font-size:59px}<\/style><h2 class=\"elementor-heading-title elementor-size-large\">WILLKOMMEN BEI K\u00d6STER <br>\n\nKIESTRANSPORTE IN NEUM\u00dcNSTER<\/h2>\t\t<\/div>\n\t\t\t\t<\/div>\n\t\t\t\t<div class=\"elementor-element elementor-element-bc340b0 elementor-widget elementor-widget-text-editor\" data-id=\"bc340b0\" data-element_type=\"widget\" data-widget_type=\"text-editor.default\">\n\t\t\t\t<div class=\"elementor-widget-container\">\n\t\t\t<style>\/*! elementor - v3.13.3 - 28-05-2023 *\/\n.elementor-widget-text-editor.elementor-drop-cap-view-stacked .elementor-drop-cap{background-color:#69727d;color:#fff}.elementor-widget-text-editor.elementor-drop-cap-view-framed .elementor-drop-cap{color:#69727d;border:3px solid;background-color:transparent}.elementor-widget-text-editor:not(.elementor-drop-cap-view-default) .elementor-drop-cap{margin-top:8px}.elementor-widget-text-editor:not(.elementor-drop-cap-view-default) .elementor-drop-cap-letter{width:1em;height:1em}.elementor-widget-text-editor .elementor-drop-cap{float:left;text-align:center;line-height:1;font-size:50px}.elementor-widget-text-editor .elementor-drop-cap-letter{display:inline-block}<\/style>\t\t\t\t<p>Qualit\u00e4t bew\u00e4hrt sich! So ist unser Transportunternehmen bereits seit \u00fcber 100 Jahren f\u00fcr seine Auftraggeber im Einsatz. Wir stehen f\u00fcr individuellen Kundenservice und Leistung nach Ma\u00df!<\/p><p>Zahlreiche zufriedene Auftraggeber best\u00e4tigen den hohen Qualit\u00e4tsanspruch unserer Mitarbeiter sowie die Bedeutung eines fahrzeugtechnisch modernen sowie GPS-\u00fcberwachten Fuhrparks. Wir freuen uns, auch Sie schon bald von unserer Leistung \u00fcberzeugen zu d\u00fcrfen!<\/p>\t\t\t\t\t\t<\/div>\n\t\t\t\t<\/div>\n\t\t\t\t\t<\/div>\n\t\t<\/div>\n\t\t\t\t<div class=\"elementor-column elementor-col-50 elementor-inner-column elementor-element elementor-element-8607189\" data-id=\"8607189\" data-element_type=\"column\">\n\t\t\t<div class=\"elementor-widget-wrap elementor-element-populated\">\n\t\t\t\t\t\t\t\t<div class=\"elementor-element elementor-element-bec0793 elementor-widget elementor-widget-video\" data-id=\"bec0793\" data-element_type=\"widget\" data-settings=\"{&quot;youtube_url&quot;:&quot;https:\\\/\\\/youtu.be\\\/YYjzk6Zx6pc&quot;,&quot;video_type&quot;:&quot;youtube&quot;,&quot;controls&quot;:&quot;yes&quot;}\" data-widget_type=\"video.default\">\n\t\t\t\t<div class=\"elementor-widget-container\">\n\t\t\t<style>\/*! elementor - v3.13.3 - 28-05-2023 *\/\n.elementor-widget-video .elementor-widget-container{overflow:hidden;transform:translateZ(0)}.elementor-widget-video .elementor-wrapper{aspect-ratio:var(--video-aspect-ratio)}.elementor-widget-video .elementor-wrapper iframe,.elementor-widget-video .elementor-wrapper video{height:100%;width:100%;display:flex;border:none;background-color:#000}@supports not (aspect-ratio:1\/1){.elementor-widget-video .elementor-wrapper{position:relative;overflow:hidden;height:0;padding-bottom:calc(100% \/ var(--video-aspect-ratio))}.elementor-widget-video .elementor-wrapper iframe,.elementor-widget-video .elementor-wrapper video{position:absolute;top:0;right:0;bottom:0;left:0}}.elementor-widget-video .elementor-open-inline .elementor-custom-embed-image-overlay{position:absolute;top:0;left:0;width:100%;height:100%;background-size:cover;background-position:50%}.elementor-widget-video .elementor-custom-embed-image-overlay{cursor:pointer;text-align:center}.elementor-widget-video .elementor-custom-embed-image-overlay:hover .elementor-custom-embed-play i{opacity:1}.elementor-widget-video .elementor-custom-embed-image-overlay img{display:block;width:100%}.elementor-widget-video .e-hosted-video .elementor-video{-o-object-fit:cover;object-fit:cover}.e-con-inner>.elementor-widget-video,.e-con>.elementor-widget-video{width:var(--container-widget-width);--flex-grow:var(--container-widget-flex-grow)}<\/style>\t\t<div class=\"elementor-wrapper elementor-open-inline\">\n\t\t\t<div class=\"elementor-video\"><\/div>\t\t<\/div>\n\t\t\t\t<\/div>\n\t\t\t\t<\/div>\n\t\t\t\t\t<\/div>\n\t\t<\/div>\n\t\t\t\t\t\t\t<\/div>\n\t\t<\/section>\n\t\t\t\t<div class=\"elementor-element elementor-element-8c4d552 elementor-widget elementor-widget-spacer\" data-id=\"8c4d552\" data-element_type=\"widget\" data-widget_type=\"spacer.default\">\n\t\t\t\t<div class=\"elementor-widget-container\">\n\t\t\t\t\t<div class=\"elementor-spacer\">\n\t\t\t<div class=\"elementor-spacer-inner\"><\/div>\n\t\t<\/div>\n\t\t\t\t<\/div>\n\t\t\t\t<\/div>\n\t\t\t\t<section class=\"elementor-section elementor-inner-section elementor-element elementor-element-0748a79 elementor-section-full_width elementor-section-content-space-evenly elementor-section-height-default elementor-section-height-default\" data-id=\"0748a79\" data-element_type=\"section\">\n\t\t\t\t\t\t<div class=\"elementor-container elementor-column-gap-wider\">\n\t\t\t\t\t<div class=\"elementor-column elementor-col-33 elementor-inner-column elementor-element elementor-element-827619d\" data-id=\"827619d\" data-element_type=\"column\" data-settings=\"{&quot;background_background&quot;:&quot;classic&quot;}\">\n\t\t\t<div class=\"elementor-widget-wrap elementor-element-populated\">\n\t\t\t\t\t\t\t\t<div class=\"elementor-element elementor-element-db13e9c elementor-widget elementor-widget-image\" data-id=\"db13e9c\" data-element_type=\"widget\" data-widget_type=\"image.default\">\n\t\t\t\t<div class=\"elementor-widget-container\">\n\t\t\t\t\t\t\t\t\t\t\t\t\t\t\t\t<a href=\"https:\/\/www.kies-koester.de\/?page_id=1203\">\n\t\t\t\t\t\t\t<img loading=\"lazy\" decoding=\"async\" width=\"1024\" height=\"806\" src=\"https:\/\/www.kies-koester.de\/wp-content\/uploads\/2023\/06\/Bildschirmfoto-2023-05-31-um-13.21.42-1024x806.png\" class=\"elementor-animation-grow attachment-large size-large wp-image-2454\" alt=\"\" srcset=\"https:\/\/www.kies-koester.de\/wp-content\/uploads\/2023\/06\/Bildschirmfoto-2023-05-31-um-13.21.42-1024x806.png 1024w, https:\/\/www.kies-koester.de\/wp-content\/uploads\/2023\/06\/Bildschirmfoto-2023-05-31-um-13.21.42-300x236.png 300w, https:\/\/www.kies-koester.de\/wp-content\/uploads\/2023\/06\/Bildschirmfoto-2023-05-31-um-13.21.42-768x605.png 768w, https:\/\/www.kies-koester.de\/wp-content\/uploads\/2023\/06\/Bildschirmfoto-2023-05-31-um-13.21.42.png 1026w\" sizes=\"auto, (max-width: 1024px) 100vw, 1024px\" \/>\t\t\t\t\t\t\t\t<\/a>\n\t\t\t\t\t\t\t\t\t\t\t\t\t\t\t<\/div>\n\t\t\t\t<\/div>\n\t\t\t\t\t<\/div>\n\t\t<\/div>\n\t\t\t\t<div class=\"elementor-column elementor-col-33 elementor-inner-column elementor-element elementor-element-f2a09ce\" data-id=\"f2a09ce\" data-element_type=\"column\" data-settings=\"{&quot;background_background&quot;:&quot;classic&quot;}\">\n\t\t\t<div class=\"elementor-widget-wrap elementor-element-populated\">\n\t\t\t\t\t\t\t\t<div class=\"elementor-element elementor-element-c3d98b5 elementor-widget elementor-widget-image\" data-id=\"c3d98b5\" data-element_type=\"widget\" data-widget_type=\"image.default\">\n\t\t\t\t<div class=\"elementor-widget-container\">\n\t\t\t\t\t\t\t\t\t\t\t\t\t\t\t\t<a href=\"https:\/\/www.kies-koester.de\/?page_id=1131\">\n\t\t\t\t\t\t\t<img loading=\"lazy\" decoding=\"async\" width=\"1024\" height=\"806\" src=\"https:\/\/www.kies-koester.de\/wp-content\/uploads\/2023\/06\/Bildschirmfoto-2023-05-31-um-13.21.59-1024x806.png\" class=\"elementor-animation-grow attachment-large size-large wp-image-2453\" alt=\"\" srcset=\"https:\/\/www.kies-koester.de\/wp-content\/uploads\/2023\/06\/Bildschirmfoto-2023-05-31-um-13.21.59-1024x806.png 1024w, https:\/\/www.kies-koester.de\/wp-content\/uploads\/2023\/06\/Bildschirmfoto-2023-05-31-um-13.21.59-300x236.png 300w, https:\/\/www.kies-koester.de\/wp-content\/uploads\/2023\/06\/Bildschirmfoto-2023-05-31-um-13.21.59-768x605.png 768w, https:\/\/www.kies-koester.de\/wp-content\/uploads\/2023\/06\/Bildschirmfoto-2023-05-31-um-13.21.59.png 1026w\" sizes=\"auto, (max-width: 1024px) 100vw, 1024px\" \/>\t\t\t\t\t\t\t\t<\/a>\n\t\t\t\t\t\t\t\t\t\t\t\t\t\t\t<\/div>\n\t\t\t\t<\/div>\n\t\t\t\t\t<\/div>\n\t\t<\/div>\n\t\t\t\t<div class=\"elementor-column elementor-col-33 elementor-inner-column elementor-element elementor-element-27d6420\" data-id=\"27d6420\" data-element_type=\"column\" data-settings=\"{&quot;background_background&quot;:&quot;classic&quot;}\">\n\t\t\t<div class=\"elementor-widget-wrap elementor-element-populated\">\n\t\t\t\t\t\t\t\t<div class=\"elementor-element elementor-element-38bc08a elementor-widget elementor-widget-image\" data-id=\"38bc08a\" data-element_type=\"widget\" data-widget_type=\"image.default\">\n\t\t\t\t<div class=\"elementor-widget-container\">\n\t\t\t\t\t\t\t\t\t\t\t\t\t\t\t\t<a href=\"https:\/\/www.kies-koester.de\/?page_id=2713\">\n\t\t\t\t\t\t\t<img loading=\"lazy\" decoding=\"async\" width=\"1024\" height=\"806\" src=\"https:\/\/www.kies-koester.de\/wp-content\/uploads\/2023\/06\/Bildschirmfoto-2023-05-31-um-13.22.07-1024x806.png\" class=\"elementor-animation-grow attachment-large size-large wp-image-2455\" alt=\"\" srcset=\"https:\/\/www.kies-koester.de\/wp-content\/uploads\/2023\/06\/Bildschirmfoto-2023-05-31-um-13.22.07-1024x806.png 1024w, https:\/\/www.kies-koester.de\/wp-content\/uploads\/2023\/06\/Bildschirmfoto-2023-05-31-um-13.22.07-300x236.png 300w, https:\/\/www.kies-koester.de\/wp-content\/uploads\/2023\/06\/Bildschirmfoto-2023-05-31-um-13.22.07-768x605.png 768w, https:\/\/www.kies-koester.de\/wp-content\/uploads\/2023\/06\/Bildschirmfoto-2023-05-31-um-13.22.07.png 1026w\" sizes=\"auto, (max-width: 1024px) 100vw, 1024px\" \/>\t\t\t\t\t\t\t\t<\/a>\n\t\t\t\t\t\t\t\t\t\t\t\t\t\t\t<\/div>\n\t\t\t\t<\/div>\n\t\t\t\t\t<\/div>\n\t\t<\/div>\n\t\t\t\t\t\t\t<\/div>\n\t\t<\/section>\n\t\t\t\t<div class=\"elementor-element elementor-element-69c05ae elementor-widget elementor-widget-spacer\" data-id=\"69c05ae\" data-element_type=\"widget\" data-widget_type=\"spacer.default\">\n\t\t\t\t<div class=\"elementor-widget-container\">\n\t\t\t\t\t<div class=\"elementor-spacer\">\n\t\t\t<div class=\"elementor-spacer-inner\"><\/div>\n\t\t<\/div>\n\t\t\t\t<\/div>\n\t\t\t\t<\/div>\n\t\t\t\t\t<\/div>\n\t\t<\/div>\n\t\t\t\t\t\t\t<\/div>\n\t\t<\/section>\n\t\t\t\t<section class=\"elementor-section elementor-top-section elementor-element elementor-element-f3b33eb elementor-section-full_width elementor-section-height-min-height elementor-section-height-default elementor-section-items-middle\" data-id=\"f3b33eb\" data-element_type=\"section\" data-settings=\"{&quot;background_background&quot;:&quot;classic&quot;}\">\n\t\t\t\t\t\t<div class=\"elementor-container elementor-column-gap-default\">\n\t\t\t\t\t<div class=\"elementor-column elementor-col-100 elementor-top-column elementor-element elementor-element-176ab9f\" data-id=\"176ab9f\" data-element_type=\"column\">\n\t\t\t<div class=\"elementor-widget-wrap\">\n\t\t\t\t\t\t\t\t\t<\/div>\n\t\t<\/div>\n\t\t\t\t\t\t\t<\/div>\n\t\t<\/section>\n\t\t\t\t<section class=\"elementor-section elementor-top-section elementor-element elementor-element-fc0aa68 elementor-section-full_width mapsection elementor-section-height-default elementor-section-height-default\" data-id=\"fc0aa68\" data-element_type=\"section\">\n\t\t\t\t\t\t<div class=\"elementor-container elementor-column-gap-default\">\n\t\t\t\t\t<div class=\"elementor-column elementor-col-100 elementor-top-column elementor-element elementor-element-3ffe6b7\" data-id=\"3ffe6b7\" data-element_type=\"column\">\n\t\t\t<div class=\"elementor-widget-wrap elementor-element-populated\">\n\t\t\t\t\t\t\t\t<div class=\"elementor-element elementor-element-5edd5d3 elementor-widget elementor-widget-google_maps\" data-id=\"5edd5d3\" data-element_type=\"widget\" data-widget_type=\"google_maps.default\">\n\t\t\t\t<div class=\"elementor-widget-container\">\n\t\t\t<style>\/*! elementor - v3.13.3 - 28-05-2023 *\/\n.elementor-widget-google_maps .elementor-widget-container{overflow:hidden}.elementor-widget-google_maps .elementor-custom-embed{line-height:0}.elementor-widget-google_maps iframe{height:300px}<\/style>\t\t<div class=\"elementor-custom-embed\">\n\t\t\t<iframe loading=\"lazy\"\n\t\t\t\t\tsrc=\"https:\/\/maps.google.com\/maps?q=Wittorferstra%C3%9Fe%2089%2024539%20Neum%C3%BCnster&#038;t=m&#038;z=18&#038;output=embed&#038;iwloc=near\"\n\t\t\t\t\ttitle=\"Wittorferstra\u00dfe 89 24539 Neum\u00fcnster\"\n\t\t\t\t\taria-label=\"Wittorferstra\u00dfe 89 24539 Neum\u00fcnster\"\n\t\t\t><\/iframe>\n\t\t<\/div>\n\t\t\t\t<\/div>\n\t\t\t\t<\/div>\n\t\t\t\t\t<\/div>\n\t\t<\/div>\n\t\t\t\t\t\t\t<\/div>\n\t\t<\/section>\n\t\t\t\t\t\t\t<\/div>\n\t\t","protected":false},"excerpt":{"rendered":"<p>WILLKOMMEN BEI K\u00d6STER KIESTRANSPORTE IN NEUM\u00dcNSTER Qualit\u00e4t bew\u00e4hrt sich! So ist unser Transportunternehmen bereits seit \u00fcber 100 Jahren f\u00fcr seine Auftraggeber im Einsatz. Wir stehen f\u00fcr individuellen Kundenservice und Leistung nach Ma\u00df! Zahlreiche zufriedene Auftraggeber best\u00e4tigen den hohen Qualit\u00e4tsanspruch unserer Mitarbeiter sowie die Bedeutung eines fahrzeugtechnisch modernen sowie GPS-\u00fcberwachten Fuhrparks. Wir freuen uns, auch Sie [&hellip;]<\/p>\n","protected":false},"author":1,"featured_media":0,"parent":0,"menu_order":0,"comment_status":"closed","ping_status":"closed","template":"elementor_header_footer","meta":{"footnotes":""},"class_list":["post-2015","page","type-page","status-publish","hentry"],"_links":{"self":[{"href":"https:\/\/www.kies-koester.de\/index.php?rest_route=\/wp\/v2\/pages\/2015","targetHints":{"allow":["GET"]}}],"collection":[{"href":"https:\/\/www.kies-koester.de\/index.php?rest_route=\/wp\/v2\/pages"}],"about":[{"href":"https:\/\/www.kies-koester.de\/index.php?rest_route=\/wp\/v2\/types\/page"}],"author":[{"embeddable":true,"href":"https:\/\/www.kies-koester.de\/index.php?rest_route=\/wp\/v2\/users\/1"}],"replies":[{"embeddable":true,"href":"https:\/\/www.kies-koester.de\/index.php?rest_route=%2Fwp%2Fv2%2Fcomments&post=2015"}],"version-history":[{"count":172,"href":"https:\/\/www.kies-koester.de\/index.php?rest_route=\/wp\/v2\/pages\/2015\/revisions"}],"predecessor-version":[{"id":2817,"href":"https:\/\/www.kies-koester.de\/index.php?rest_route=\/wp\/v2\/pages\/2015\/revisions\/2817"}],"wp:attachment":[{"href":"https:\/\/www.kies-koester.de\/index.php?rest_route=%2Fwp%2Fv2%2Fmedia&parent=2015"}],"curies":[{"name":"wp","href":"https:\/\/api.w.org\/{rel}","templated":true}]}}