{"id":2702,"date":"2023-06-18T09:38:15","date_gmt":"2023-06-18T07:38:15","guid":{"rendered":"https:\/\/www.kies-koester.de\/?page_id=2702"},"modified":"2025-03-07T09:40:41","modified_gmt":"2025-03-07T08:40:41","slug":"impressum","status":"publish","type":"page","link":"https:\/\/www.kies-koester.de\/?page_id=2702","title":{"rendered":"impressum"},"content":{"rendered":"\t\t<div data-elementor-type=\"wp-page\" data-elementor-id=\"2702\" class=\"elementor elementor-2702\">\n\t\t\t\t\t\t\t\t\t<section class=\"elementor-section elementor-top-section elementor-element elementor-element-c184941 elementor-section-boxed elementor-section-height-default elementor-section-height-default\" data-id=\"c184941\" data-element_type=\"section\">\n\t\t\t\t\t\t<div class=\"elementor-container elementor-column-gap-default\">\n\t\t\t\t\t<div class=\"elementor-column elementor-col-100 elementor-top-column elementor-element elementor-element-49ba448\" data-id=\"49ba448\" data-element_type=\"column\">\n\t\t\t<div class=\"elementor-widget-wrap elementor-element-populated\">\n\t\t\t\t\t\t\t\t<div class=\"elementor-element elementor-element-ab35ec5 elementor-widget elementor-widget-text-editor\" data-id=\"ab35ec5\" data-element_type=\"widget\" data-widget_type=\"text-editor.default\">\n\t\t\t\t<div class=\"elementor-widget-container\">\n\t\t\t<style>\/*! elementor - v3.13.3 - 28-05-2023 *\/\n.elementor-widget-text-editor.elementor-drop-cap-view-stacked .elementor-drop-cap{background-color:#69727d;color:#fff}.elementor-widget-text-editor.elementor-drop-cap-view-framed .elementor-drop-cap{color:#69727d;border:3px solid;background-color:transparent}.elementor-widget-text-editor:not(.elementor-drop-cap-view-default) .elementor-drop-cap{margin-top:8px}.elementor-widget-text-editor:not(.elementor-drop-cap-view-default) .elementor-drop-cap-letter{width:1em;height:1em}.elementor-widget-text-editor .elementor-drop-cap{float:left;text-align:center;line-height:1;font-size:50px}.elementor-widget-text-editor .elementor-drop-cap-letter{display:inline-block}<\/style>\t\t\t\t<h2>\u00a0<\/h2><h2>\u00a0<\/h2><h2><strong>IMPRESSUM<\/strong><\/h2><p>Firmenname: Walter K\u00f6ster GmbH &amp; Co. KG<br \/>Anschrift: Havelstra\u00dfe 24 &#8211; 24539 Neum\u00fcnster<\/p><p>Tel: 04321\/73206<br \/>B\u00fcro: 0451\/61914260<\/p><p>E-Mail: info@kieskoester.de<br \/>Internet: https:\/\/www.kieskoester.de<br \/>Gesch\u00e4ftsf\u00fchrer: Herr Alexander Hintze<br \/>Rechtsform: GmbH &amp; Co. KG<br \/>Kammer: IHK Kiel<br \/>Vertreten durch die pers\u00f6nlich haftende Gesellschafterin:<br \/>Walter K\u00f6ster Transportgesellschaft mbH<br \/>Registerort: Amtsgericht Kiel<br \/>Registernummer:<br \/>HRA 32 NM<br \/>HRB 213 NM<\/p><p>Online-Streitbeilegung gem\u00e4\u00df Art. 14 Abs. 1 ODR-VO: Die Europ\u00e4ische Kommission stellt eine Plattform zur Online-Streitbeilegung (OS) bereit, die Sie unter https:\/\/ec.europa.eu\/consumers\/odr\/ finden. Dar\u00fcber hinaus nimmt unser Betrieb an einem Verbraucherstreitigkeitsverfahren nicht teil.<\/p>\t\t\t\t\t\t<\/div>\n\t\t\t\t<\/div>\n\t\t\t\t\t<\/div>\n\t\t<\/div>\n\t\t\t\t\t\t\t<\/div>\n\t\t<\/section>\n\t\t\t\t\t\t\t<\/div>\n\t\t","protected":false},"excerpt":{"rendered":"<p>\u00a0 \u00a0 IMPRESSUM Firmenname: Walter K\u00f6ster GmbH &amp; Co. KGAnschrift: Havelstra\u00dfe 24 &#8211; 24539 Neum\u00fcnster Tel: 04321\/73206B\u00fcro: 0451\/61914260 E-Mail: info@kieskoester.deInternet: https:\/\/www.kieskoester.deGesch\u00e4ftsf\u00fchrer: Herr Alexander HintzeRechtsform: GmbH &amp; Co. KGKammer: IHK KielVertreten durch die pers\u00f6nlich haftende Gesellschafterin:Walter K\u00f6ster Transportgesellschaft mbHRegisterort: Amtsgericht KielRegisternummer:HRA 32 NMHRB 213 NM Online-Streitbeilegung gem\u00e4\u00df Art. 14 Abs. 1 ODR-VO: Die Europ\u00e4ische Kommission stellt [&hellip;]<\/p>\n","protected":false},"author":1,"featured_media":0,"parent":0,"menu_order":0,"comment_status":"closed","ping_status":"closed","template":"elementor_header_footer","meta":{"footnotes":""},"class_list":["post-2702","page","type-page","status-publish","hentry"],"_links":{"self":[{"href":"https:\/\/www.kies-koester.de\/index.php?rest_route=\/wp\/v2\/pages\/2702","targetHints":{"allow":["GET"]}}],"collection":[{"href":"https:\/\/www.kies-koester.de\/index.php?rest_route=\/wp\/v2\/pages"}],"about":[{"href":"https:\/\/www.kies-koester.de\/index.php?rest_route=\/wp\/v2\/types\/page"}],"author":[{"embeddable":true,"href":"https:\/\/www.kies-koester.de\/index.php?rest_route=\/wp\/v2\/users\/1"}],"replies":[{"embeddable":true,"href":"https:\/\/www.kies-koester.de\/index.php?rest_route=%2Fwp%2Fv2%2Fcomments&post=2702"}],"version-history":[{"count":13,"href":"https:\/\/www.kies-koester.de\/index.php?rest_route=\/wp\/v2\/pages\/2702\/revisions"}],"predecessor-version":[{"id":2820,"href":"https:\/\/www.kies-koester.de\/index.php?rest_route=\/wp\/v2\/pages\/2702\/revisions\/2820"}],"wp:attachment":[{"href":"https:\/\/www.kies-koester.de\/index.php?rest_route=%2Fwp%2Fv2%2Fmedia&parent=2702"}],"curies":[{"name":"wp","href":"https:\/\/api.w.org\/{rel}","templated":true}]}}