{"id":2713,"date":"2023-06-19T09:06:17","date_gmt":"2023-06-19T07:06:17","guid":{"rendered":"https:\/\/www.kies-koester.de\/?page_id=2713"},"modified":"2025-03-07T09:23:13","modified_gmt":"2025-03-07T08:23:13","slug":"stellenangebote","status":"publish","type":"page","link":"https:\/\/www.kies-koester.de\/?page_id=2713","title":{"rendered":"Stellenangebote"},"content":{"rendered":"\t\t<div data-elementor-type=\"wp-page\" data-elementor-id=\"2713\" class=\"elementor elementor-2713\">\n\t\t\t\t\t\t\t\t\t<section class=\"elementor-section elementor-top-section elementor-element elementor-element-10e15af elementor-section-boxed elementor-section-height-default elementor-section-height-default\" data-id=\"10e15af\" data-element_type=\"section\">\n\t\t\t\t\t\t<div class=\"elementor-container elementor-column-gap-default\">\n\t\t\t\t\t<div class=\"elementor-column elementor-col-100 elementor-top-column elementor-element elementor-element-eaeca7e\" data-id=\"eaeca7e\" data-element_type=\"column\">\n\t\t\t<div class=\"elementor-widget-wrap elementor-element-populated\">\n\t\t\t\t\t\t\t\t<div class=\"elementor-element elementor-element-926c250 elementor-widget elementor-widget-text-editor\" data-id=\"926c250\" data-element_type=\"widget\" data-widget_type=\"text-editor.default\">\n\t\t\t\t<div class=\"elementor-widget-container\">\n\t\t\t<style>\/*! elementor - v3.13.3 - 28-05-2023 *\/\n.elementor-widget-text-editor.elementor-drop-cap-view-stacked .elementor-drop-cap{background-color:#69727d;color:#fff}.elementor-widget-text-editor.elementor-drop-cap-view-framed .elementor-drop-cap{color:#69727d;border:3px solid;background-color:transparent}.elementor-widget-text-editor:not(.elementor-drop-cap-view-default) .elementor-drop-cap{margin-top:8px}.elementor-widget-text-editor:not(.elementor-drop-cap-view-default) .elementor-drop-cap-letter{width:1em;height:1em}.elementor-widget-text-editor .elementor-drop-cap{float:left;text-align:center;line-height:1;font-size:50px}.elementor-widget-text-editor .elementor-drop-cap-letter{display:inline-block}<\/style>\t\t\t\t<h2>&nbsp;<\/h2>\n<h2>&nbsp;<\/h2>\n<h2>Kraftfahrer (m\/w\/d) \u26df Kraftfahrer gesucht! Vollzeit<\/h2>\n<p>Unser Transportunternehmen im Raum Hamburg m\u00f6chte weiter wachsen \u2013 K\u00f6ster Kiestransporte in Neum\u00fcnster bei Hamburg ist seit einem Jahrhundert verl\u00e4sslicher Ansprechpartner f\u00fcr Sch\u00fcttguttransporte in der Region. Unser Fuhrpark, bestehend aus modernen Fahrzeugen von MAN und Mercedes, ist f\u00fcr jeden Einsatz gewappnet. Unser Team aus versierten Fahrern verf\u00fcgt \u00fcber s\u00e4mtliche ben\u00f6tigten Qualifikationen zur sicheren Sch\u00fcttgutbef\u00f6rderung.<\/p>\n<p>Wen wir suchen:<\/p>\n<p>Zuverl\u00e4ssige und erfahrene Kraftfahrer\/innen f\u00fcr den regionalen Einsatz. Ihre Aufgaben liegen im An- und Abtransport von Sch\u00fcttg\u00fctern. Sie \u00fcberzeugen durch Ihren kundenorientierten Einsatz und Ihre freundliche und kollegiale Art.<br>Was wir anbieten:<\/p>\n<p>Sie erwartet eine Festanstellung in einem Job mit Zukunft in einem eingespielten und engagierten Team und mit leistungsgerechter Bezahlung. Regelm\u00e4\u00dfige Fahrsicherheitstrainings sind f\u00fcr uns selbstverst\u00e4ndlich.<br>Wenn Sie Kraftfahrer und auf der Suche nach einem sicheren und abwechslungsreichen Job sind, passen Sie zu unserem Transportunternehmen. Werden Sie Teil unserer Erfolgsgeschichte und bewerben Sie sich!<\/p>\n<p>Ihre Bewerbung bei unserem Transportunternehmen im Raum Hamburg<\/p>\n<p>Haben wir Ihr Interesse an einem Job in unserem Transportunternehmen geweckt? Dann freuen wir uns auf Ihre aussagekr\u00e4ftige Bewerbung \u2013 und darauf, Sie bald pers\u00f6nlich kennenzulernen. Bei R\u00fcckfragen zu unseren aktuellen Stellenangeboten und dem Bewerbungsprozess stehen wir Ihnen gerne zur Verf\u00fcgung!<\/p>\n<p>Walter K\u00f6ster GmbH &amp; Co.KG<br>Havelstra\u00dfe 24&nbsp;in 24539 Neum\u00fcnster<\/p>\n<p>E-Mail: info@kieskoester.de<\/p>\n<p>Tel: 04321\/73206<br>B\u00fcro: 0451\/61914260<\/p>\t\t\t\t\t\t<\/div>\n\t\t\t\t<\/div>\n\t\t\t\t<div class=\"elementor-element elementor-element-2ba3a87 elementor-widget elementor-widget-image\" data-id=\"2ba3a87\" data-element_type=\"widget\" data-widget_type=\"image.default\">\n\t\t\t\t<div class=\"elementor-widget-container\">\n\t\t\t<style>\/*! elementor - v3.13.3 - 28-05-2023 *\/\n.elementor-widget-image{text-align:center}.elementor-widget-image a{display:inline-block}.elementor-widget-image a img[src$=\".svg\"]{width:48px}.elementor-widget-image img{vertical-align:middle;display:inline-block}<\/style>\t\t\t\t\t\t\t\t\t\t\t\t<img loading=\"lazy\" decoding=\"async\" width=\"768\" height=\"97\" src=\"https:\/\/www.kies-koester.de\/wp-content\/uploads\/2025\/03\/Logo-neu-768x97.png\" class=\"attachment-medium_large size-medium_large wp-image-2782\" alt=\"\" srcset=\"https:\/\/www.kies-koester.de\/wp-content\/uploads\/2025\/03\/Logo-neu-768x97.png 768w, https:\/\/www.kies-koester.de\/wp-content\/uploads\/2025\/03\/Logo-neu-300x38.png 300w, https:\/\/www.kies-koester.de\/wp-content\/uploads\/2025\/03\/Logo-neu-1024x129.png 1024w, https:\/\/www.kies-koester.de\/wp-content\/uploads\/2025\/03\/Logo-neu.png 1159w\" sizes=\"auto, (max-width: 768px) 100vw, 768px\" \/>\t\t\t\t\t\t\t\t\t\t\t\t\t\t\t<\/div>\n\t\t\t\t<\/div>\n\t\t\t\t<div class=\"elementor-element elementor-element-45de6e0 elementor-widget elementor-widget-spacer\" data-id=\"45de6e0\" data-element_type=\"widget\" data-widget_type=\"spacer.default\">\n\t\t\t\t<div class=\"elementor-widget-container\">\n\t\t\t<style>\/*! elementor - v3.13.3 - 28-05-2023 *\/\n.elementor-column .elementor-spacer-inner{height:var(--spacer-size)}.e-con{--container-widget-width:100%}.e-con-inner>.elementor-widget-spacer,.e-con>.elementor-widget-spacer{width:var(--container-widget-width,var(--spacer-size));--align-self:var(--container-widget-align-self,initial);--flex-shrink:0}.e-con-inner>.elementor-widget-spacer>.elementor-widget-container,.e-con-inner>.elementor-widget-spacer>.elementor-widget-container>.elementor-spacer,.e-con>.elementor-widget-spacer>.elementor-widget-container,.e-con>.elementor-widget-spacer>.elementor-widget-container>.elementor-spacer{height:100%}.e-con-inner>.elementor-widget-spacer>.elementor-widget-container>.elementor-spacer>.elementor-spacer-inner,.e-con>.elementor-widget-spacer>.elementor-widget-container>.elementor-spacer>.elementor-spacer-inner{height:var(--container-widget-height,var(--spacer-size))}<\/style>\t\t<div class=\"elementor-spacer\">\n\t\t\t<div class=\"elementor-spacer-inner\"><\/div>\n\t\t<\/div>\n\t\t\t\t<\/div>\n\t\t\t\t<\/div>\n\t\t\t\t\t<\/div>\n\t\t<\/div>\n\t\t\t\t\t\t\t<\/div>\n\t\t<\/section>\n\t\t\t\t\t\t\t<\/div>\n\t\t","protected":false},"excerpt":{"rendered":"<p>&nbsp; &nbsp; Kraftfahrer (m\/w\/d) \u26df Kraftfahrer gesucht! Vollzeit Unser Transportunternehmen im Raum Hamburg m\u00f6chte weiter wachsen \u2013 K\u00f6ster Kiestransporte in Neum\u00fcnster bei Hamburg ist seit einem Jahrhundert verl\u00e4sslicher Ansprechpartner f\u00fcr Sch\u00fcttguttransporte in der Region. Unser Fuhrpark, bestehend aus modernen Fahrzeugen von MAN und Mercedes, ist f\u00fcr jeden Einsatz gewappnet. Unser Team aus versierten Fahrern verf\u00fcgt [&hellip;]<\/p>\n","protected":false},"author":1,"featured_media":0,"parent":0,"menu_order":0,"comment_status":"closed","ping_status":"closed","template":"elementor_header_footer","meta":{"footnotes":""},"class_list":["post-2713","page","type-page","status-publish","hentry"],"_links":{"self":[{"href":"https:\/\/www.kies-koester.de\/index.php?rest_route=\/wp\/v2\/pages\/2713","targetHints":{"allow":["GET"]}}],"collection":[{"href":"https:\/\/www.kies-koester.de\/index.php?rest_route=\/wp\/v2\/pages"}],"about":[{"href":"https:\/\/www.kies-koester.de\/index.php?rest_route=\/wp\/v2\/types\/page"}],"author":[{"embeddable":true,"href":"https:\/\/www.kies-koester.de\/index.php?rest_route=\/wp\/v2\/users\/1"}],"replies":[{"embeddable":true,"href":"https:\/\/www.kies-koester.de\/index.php?rest_route=%2Fwp%2Fv2%2Fcomments&post=2713"}],"version-history":[{"count":25,"href":"https:\/\/www.kies-koester.de\/index.php?rest_route=\/wp\/v2\/pages\/2713\/revisions"}],"predecessor-version":[{"id":2796,"href":"https:\/\/www.kies-koester.de\/index.php?rest_route=\/wp\/v2\/pages\/2713\/revisions\/2796"}],"wp:attachment":[{"href":"https:\/\/www.kies-koester.de\/index.php?rest_route=%2Fwp%2Fv2%2Fmedia&parent=2713"}],"curies":[{"name":"wp","href":"https:\/\/api.w.org\/{rel}","templated":true}]}}